{"id":1245,"date":"2018-10-15T21:22:22","date_gmt":"2018-10-15T19:22:22","guid":{"rendered":"https:\/\/www.dantevilla.com\/qualita-minuteria\/"},"modified":"2018-12-19T14:39:56","modified_gmt":"2018-12-19T13:39:56","slug":"qualita-minuteria","status":"publish","type":"page","link":"https:\/\/www.dantevilla.com\/de\/qualita-minuteria\/","title":{"rendered":"Qualit\u00e4t"},"content":{"rendered":"<div class=\"wpb-content-wrapper\"><p>[vc_row css_animation=&#8220;&#8220; row_type=&#8220;row&#8220; use_row_as_full_screen_section=&#8220;no&#8220; type=&#8220;full_width&#8220; angled_section=&#8220;no&#8220; text_align=&#8220;left&#8220; background_image_as_pattern=&#8220;without_pattern&#8220; css=&#8220;.vc_custom_1541622569547{margin-bottom: 0px !important;padding-top: 50px !important;padding-bottom: 0px !important;background-color: #f9f9f9 !important;}&#8220; z_index=&#8220;&#8220;][vc_column][vc_column_text]<\/p>\n<h2 style=\"text-align: center;\">Qualit\u00e4t<\/h2>\n<p>[\/vc_column_text][vc_separator type=&#8220;small&#8220; position=&#8220;center&#8220; down=&#8220;15&#8243;][vc_column_text]<\/p>\n<h4 style=\"text-align: center;\">Kontinuierliche Verbesserung<\/h4>\n<p>[\/vc_column_text][\/vc_column][\/vc_row][vc_row css_animation=&#8220;&#8220; row_type=&#8220;row&#8220; use_row_as_full_screen_section=&#8220;no&#8220; type=&#8220;grid&#8220; angled_section=&#8220;no&#8220; text_align=&#8220;left&#8220; background_image_as_pattern=&#8220;without_pattern&#8220; css=&#8220;.vc_custom_1541623003410{padding-top: 50px !important;padding-bottom: 50px !important;background-color: #f9f9f9 !important;}&#8220; z_index=&#8220;&#8220;][vc_column offset=&#8220;vc_col-lg-6 vc_col-md-6&#8243;][vc_column_text]<span style=\"font-weight: 400;\">Alle Teile werden aus\u00a0<\/span><b>zertifizierten Qualit\u00e4tsmaterialien<\/b><span style=\"font-weight: 400;\">\u00a0hergestellt und einer\u00a0<\/span><b>statistischen Prozesskontrolle<\/b><span style=\"font-weight: 400;\"> gem\u00e4\u00df der Norm\u00a0<\/span><b>UNI EN ISO 9001:2015<\/b><span style=\"font-weight: 400;\">unterzogen.<\/span><\/p>\n<p><span style=\"font-weight: 400;\">\u00a0<\/span><\/p>\n<p><span style=\"font-weight: 400;\">Mehrere\u00a0<\/span><b>SPC-Stationen<\/b><span style=\"font-weight: 400;\"> sowie\u00a0<\/span><b>optische und dreidimensionale elektronische Pr\u00fcfinstrumente<\/b><span style=\"font-weight: 400;\">\u00a0im Messraum gew\u00e4hrleisten die Qualit\u00e4t eines jeden hergestellten Produkts.\u00a0<\/span><\/p>\n<p><span style=\"font-weight: 400;\">\u00a0<\/span><\/p>\n<p><span style=\"font-weight: 400;\">Die in den Prozessen verwendeten Messger\u00e4te werden gem\u00e4\u00df den Kalibrierpl\u00e4nen des\u00a0<\/span><b>Qualit\u00e4tsservices<\/b><span style=\"font-weight: 400;\">\u00a0und komplexere Ger\u00e4te mit akkreditierten Kalibrierzentren st\u00e4ndig \u00fcberwacht und verifiziert.<\/span>[\/vc_column_text][vc_separator type=&#8220;transparent&#8220; thickness=&#8220;0&#8243; up=&#8220;15&#8243; down=&#8220;0&#8243;][\/vc_column][vc_column offset=&#8220;vc_col-lg-6 vc_col-md-6&#8243;][vc_gallery type=&#8220;image_grid&#8220; images=&#8220;1042,1040,1038,1036&#8243; img_size=&#8220;full&#8220; column_number=&#8220;2&#8243; grayscale=&#8220;no&#8220; images_space=&#8220;gallery_with_space&#8220;][vc_separator type=&#8220;transparent&#8220; thickness=&#8220;0&#8243; up=&#8220;30&#8243; down=&#8220;0&#8243;][\/vc_column][\/vc_row][vc_row css_animation=&#8220;&#8220; row_type=&#8220;row&#8220; use_row_as_full_screen_section=&#8220;no&#8220; type=&#8220;full_width&#8220; angled_section=&#8220;no&#8220; text_align=&#8220;center&#8220; background_image_as_pattern=&#8220;without_pattern&#8220;][vc_column]<div class=\"call_to_action simple\" style=\"background-color: #2b2c2e;padding-top: 40px;padding-bottom: 40px;\"><div class=\"container_inner\"><div class=\"text_wrapper column1\"><div class=\"call_to_action_text  font_size_inherit font_weight_inherit letter_spacing_inherit\" style=\"font-size:16px;font-weight: 600;letter-spacing: -1px;\">\n<p style=\"text-align: center;\"><span style=\"color: #ffffff;\">Kontaktieren Sie uns, um Informationen oder ein Angebot zu erhalten.<\/span><\/p>\n<\/div><a itemprop=\"url\" href=\"\/de\/contatti\/\" class=\"qbutton white medium\" target=\"_self\" style=\"\"data-hover-background-color=#ffffff data-hover-color=#303030>KONTAKT<\/a><\/div><\/div><\/div>[\/vc_column][\/vc_row]<\/p>\n<\/div>","protected":false},"excerpt":{"rendered":"<p>[vc_row css_animation=&#8220;&#8220; row_type=&#8220;row&#8220; use_row_as_full_screen_section=&#8220;no&#8220; type=&#8220;full_width&#8220; angled_section=&#8220;no&#8220; text_align=&#8220;left&#8220; background_image_as_pattern=&#8220;without_pattern&#8220; css=&#8220;.vc_custom_1541622569547{margin-bottom: 0px !important;padding-top: 50px !important;padding-bottom: 0px !important;background-color: #f9f9f9 !important;}&#8220; z_index=&#8220;&#8220;][vc_column][vc_column_text] Qualit\u00e4t [\/vc_column_text][vc_separator type=&#8220;small&#8220; position=&#8220;center&#8220; down=&#8220;15&#8243;][vc_column_text] Kontinuierliche Verbesserung [\/vc_column_text][\/vc_column][\/vc_row][vc_row css_animation=&#8220;&#8220; row_type=&#8220;row&#8220; use_row_as_full_screen_section=&#8220;no&#8220; type=&#8220;grid&#8220; angled_section=&#8220;no&#8220; text_align=&#8220;left&#8220; background_image_as_pattern=&#8220;without_pattern&#8220; css=&#8220;.vc_custom_1541623003410{padding-top: 50px !important;padding-bottom: 50px !important;background-color: #f9f9f9 !important;}&#8220; z_index=&#8220;&#8220;][vc_column offset=&#8220;vc_col-lg-6 vc_col-md-6&#8243;][vc_column_text]Alle Teile werden&#8230;<\/p>\n","protected":false},"author":1,"featured_media":0,"parent":0,"menu_order":0,"comment_status":"closed","ping_status":"closed","template":"full_width.php","meta":[],"_links":{"self":[{"href":"https:\/\/www.dantevilla.com\/de\/wp-json\/wp\/v2\/pages\/1245"}],"collection":[{"href":"https:\/\/www.dantevilla.com\/de\/wp-json\/wp\/v2\/pages"}],"about":[{"href":"https:\/\/www.dantevilla.com\/de\/wp-json\/wp\/v2\/types\/page"}],"author":[{"embeddable":true,"href":"https:\/\/www.dantevilla.com\/de\/wp-json\/wp\/v2\/users\/1"}],"replies":[{"embeddable":true,"href":"https:\/\/www.dantevilla.com\/de\/wp-json\/wp\/v2\/comments?post=1245"}],"version-history":[{"count":4,"href":"https:\/\/www.dantevilla.com\/de\/wp-json\/wp\/v2\/pages\/1245\/revisions"}],"predecessor-version":[{"id":1337,"href":"https:\/\/www.dantevilla.com\/de\/wp-json\/wp\/v2\/pages\/1245\/revisions\/1337"}],"wp:attachment":[{"href":"https:\/\/www.dantevilla.com\/de\/wp-json\/wp\/v2\/media?parent=1245"}],"curies":[{"name":"wp","href":"https:\/\/api.w.org\/{rel}","templated":true}]}}