{"id":1243,"date":"2018-10-17T21:54:50","date_gmt":"2018-10-17T19:54:50","guid":{"rendered":"https:\/\/www.dantevilla.com\/privacy\/"},"modified":"2018-12-20T11:29:57","modified_gmt":"2018-12-20T10:29:57","slug":"privacy","status":"publish","type":"page","link":"https:\/\/www.dantevilla.com\/de\/privacy\/","title":{"rendered":"Datenschutzerkl\u00e4rung"},"content":{"rendered":"<div class=\"wpb-content-wrapper\"><p>[vc_row css_animation=&#8220;&#8220; row_type=&#8220;row&#8220; use_row_as_full_screen_section=&#8220;no&#8220; type=&#8220;grid&#8220; angled_section=&#8220;no&#8220; text_align=&#8220;left&#8220; background_image_as_pattern=&#8220;without_pattern&#8220; z_index=&#8220;&#8220; css=&#8220;.vc_custom_1539805703611{margin-top: 50px !important;margin-bottom: 50px !important;}&#8220;][vc_column][vc_column_text]<b>INFORMATIONSSCHREIBEN gem\u00e4\u00df Art. 13 der Rechtsverordnung 196 vom 30. Juni 2003<\/b><span style=\"font-weight: 400;\"><br \/>\n<\/span><span style=\"font-weight: 400;\">In \u00dcbereinstimmung mit der Rechtsverordnung 196\/2003 (\u201eGesetz hinsichtlich des Schutzes personenbezogener Daten\u201c) stellt Ihnen Dante Villa S.r.l. als \u201eVerantwortlicher\u201c der Verarbeitung einige Informationen \u00fcber die Verwendung etwaiger personenbezogener Daten zur Verf\u00fcgung, die von Nutzern \u00fcbermittelt wurden, die die Website besuchen und\/oder mit dieser interagieren.<\/span><\/p>\n<p><span style=\"font-weight: 400;\">\u00a0<\/span><\/p>\n<p><b>Zweck der Datenverarbeitung<\/b><span style=\"font-weight: 400;\"><br \/>\n<\/span><span style=\"font-weight: 400;\">Es steht dem Nutzer frei, seine personenbezogenen Daten f\u00fcr die Zusendung seines Lebenslaufs, die Anforderung von Informationsmaterial oder f\u00fcr andere Mitteilungen anzugeben. Die Verarbeitung personenbezogener Daten darf nur zur Beantwortung eingegangener Anfragen erfolgen. Werden diese Daten nicht \u00fcbermittelt, kann dies dazu f\u00fchren, dass die angeforderten Leistungen nicht erf\u00fcllt werden k\u00f6nnen.<\/span><\/p>\n<p><span style=\"font-weight: 400;\">\u00a0<\/span><\/p>\n<p><b>Verfahren zur Datenverarbeitung<\/b><span style=\"font-weight: 400;\"><br \/>\n<\/span><span style=\"font-weight: 400;\">Die Verarbeitung personenbezogener Daten erfolgt mithilfe manueller, computergest\u00fctzter und telematischer Mittel und in einer Weise, die die Sicherheit und Vertraulichkeit der Daten gew\u00e4hrleistet. Es werden Pr\u00e4ventions- und Schutzsysteme eingesetzt, die st\u00e4ndig aktualisiert und auf ihre Zuverl\u00e4ssigkeit gepr\u00fcft werden.<\/span><\/p>\n<p><span style=\"font-weight: 400;\">\u00a0<\/span><\/p>\n<p><b>Kategorien von Personen, an die die Daten weitergegeben werden k\u00f6nnen<\/b><span style=\"font-weight: 400;\"><br \/>\n<\/span><span style=\"font-weight: 400;\">Hinsichtlich der oben genannten Zwecke muss Dante Villa S.r.l. personenbezogene Daten an seine \u201eBeauftragte\u201c und an externe Personen \u00fcbermitteln, die f\u00fcr die oben genannten Zwecke \u201everantwortlich\u201c sind.<\/span><\/p>\n<p><span style=\"font-weight: 400;\">\u00a0<\/span><\/p>\n<p><b>Rechte der Betroffenen<\/b><span style=\"font-weight: 400;\"><br \/>\n<\/span><span style=\"font-weight: 400;\">Dante Villa S.r.l. gew\u00e4hrleistet Ihnen die Wahrnehmung bestimmter Rechte gegen\u00fcber dem Verantwortlichen f\u00fcr die Datenverarbeitung. Insbesondere das Recht, die verarbeiteten Daten zu erfahren, sie aktualisieren, erg\u00e4nzen, korrigieren oder l\u00f6schen zu lassen, ihre Sperrung zu verlangen und der weiteren Verarbeitung zu widersprechen. Alle Informationen \u00fcber das Zugriffsrecht k\u00f6nnen angefordert werden unter: Dante Villa S.r.l. \u2013 Via General Sirtori, 21 \u2013 23880 Casatenovo Brianza (Lecco)<\/span>[\/vc_column_text][\/vc_column][\/vc_row]<\/p>\n<\/div>","protected":false},"excerpt":{"rendered":"<p>[vc_row css_animation=&#8220;&#8220; row_type=&#8220;row&#8220; use_row_as_full_screen_section=&#8220;no&#8220; type=&#8220;grid&#8220; angled_section=&#8220;no&#8220; text_align=&#8220;left&#8220; background_image_as_pattern=&#8220;without_pattern&#8220; z_index=&#8220;&#8220; css=&#8220;.vc_custom_1539805703611{margin-top: 50px !important;margin-bottom: 50px !important;}&#8220;][vc_column][vc_column_text]INFORMATIONSSCHREIBEN gem\u00e4\u00df Art. 13 der Rechtsverordnung 196 vom 30. Juni 2003 In \u00dcbereinstimmung mit der Rechtsverordnung 196\/2003 (\u201eGesetz hinsichtlich des Schutzes personenbezogener Daten\u201c) stellt Ihnen Dante Villa S.r.l. als \u201eVerantwortlicher\u201c der Verarbeitung&#8230;<\/p>\n","protected":false},"author":1,"featured_media":0,"parent":0,"menu_order":0,"comment_status":"closed","ping_status":"closed","template":"full_width.php","meta":[],"_links":{"self":[{"href":"https:\/\/www.dantevilla.com\/de\/wp-json\/wp\/v2\/pages\/1243"}],"collection":[{"href":"https:\/\/www.dantevilla.com\/de\/wp-json\/wp\/v2\/pages"}],"about":[{"href":"https:\/\/www.dantevilla.com\/de\/wp-json\/wp\/v2\/types\/page"}],"author":[{"embeddable":true,"href":"https:\/\/www.dantevilla.com\/de\/wp-json\/wp\/v2\/users\/1"}],"replies":[{"embeddable":true,"href":"https:\/\/www.dantevilla.com\/de\/wp-json\/wp\/v2\/comments?post=1243"}],"version-history":[{"count":2,"href":"https:\/\/www.dantevilla.com\/de\/wp-json\/wp\/v2\/pages\/1243\/revisions"}],"predecessor-version":[{"id":1368,"href":"https:\/\/www.dantevilla.com\/de\/wp-json\/wp\/v2\/pages\/1243\/revisions\/1368"}],"wp:attachment":[{"href":"https:\/\/www.dantevilla.com\/de\/wp-json\/wp\/v2\/media?parent=1243"}],"curies":[{"name":"wp","href":"https:\/\/api.w.org\/{rel}","templated":true}]}}