{"id":1211,"date":"2016-02-19T12:16:25","date_gmt":"2016-02-19T12:16:25","guid":{"rendered":"https:\/\/www.dantevilla.com\/dante-villa\/"},"modified":"2021-07-23T11:47:21","modified_gmt":"2021-07-23T09:47:21","slug":"dante-villa","status":"publish","type":"page","link":"https:\/\/www.dantevilla.com\/de\/dante-villa\/","title":{"rendered":"Dante Villa"},"content":{"rendered":"<div class=\"wpb-content-wrapper\"><p>[vc_row css_animation=&#8220;&#8220; row_type=&#8220;row&#8220; use_row_as_full_screen_section=&#8220;no&#8220; type=&#8220;full_width&#8220; angled_section=&#8220;no&#8220; text_align=&#8220;left&#8220; background_image_as_pattern=&#8220;without_pattern&#8220;][vc_column][vc_column_text][\/vc_column_text][\/vc_column][\/vc_row][vc_row css_animation=&#8220;&#8220; row_type=&#8220;row&#8220; use_row_as_full_screen_section=&#8220;no&#8220; type=&#8220;full_width&#8220; angled_section=&#8220;no&#8220; text_align=&#8220;left&#8220; background_image_as_pattern=&#8220;without_pattern&#8220; css=&#8220;.vc_custom_1541622569547{margin-bottom: 0px !important;padding-top: 50px !important;padding-bottom: 0px !important;background-color: #f9f9f9 !important;}&#8220; z_index=&#8220;&#8220;][vc_column][vc_column_text]<\/p>\n<h2 style=\"text-align: center;\">Geschichte<\/h2>\n<p>[\/vc_column_text][vc_separator type=&#8220;small&#8220; position=&#8220;center&#8220; down=&#8220;15&#8243;][vc_column_text]<\/p>\n<h4 style=\"text-align: center;\">Seit 1937 im Bereich der Dreherei t\u00e4tig<\/h4>\n<p>[\/vc_column_text][\/vc_column][\/vc_row][vc_row css_animation=&#8220;&#8220; row_type=&#8220;row&#8220; use_row_as_full_screen_section=&#8220;no&#8220; type=&#8220;grid&#8220; angled_section=&#8220;no&#8220; text_align=&#8220;left&#8220; background_image_as_pattern=&#8220;without_pattern&#8220; css=&#8220;.vc_custom_1541590760917{padding-top: 50px !important;padding-bottom: 50px !important;background-color: #f9f9f9 !important;}&#8220; z_index=&#8220;&#8220;][vc_column offset=&#8220;vc_col-lg-6 vc_col-md-6&#8243;][vc_column_text]<span style=\"font-weight: 400;\">Unser Unternehmen ist\u00a0<\/span><b>seit 1937 im Industriesektor<\/b><span style=\"font-weight: 400;\">\u00a0als\u00a0<\/span><b>Dreherei<\/b><span style=\"font-weight: 400;\"> t\u00e4tig und fertigt\u00a0<\/span><b>Pr\u00e4zisionskleinteile aus Metall<\/b><span style=\"font-weight: 400;\">\u00a0gem\u00e4\u00df den Kundenspezifikationen. Dank technologisch moderner Anlagen sind wir in der Lage, die unterschiedlichsten Anforderungen der <\/span><b>mechanischen Industrie, insbesondere der Automobil-<\/b><span style=\"font-weight: 400;\">,\u00a0<\/span><b>Hydraulik-<\/b><span style=\"font-weight: 400;\">\u00a0und\u00a0<\/span><b>Pneumatikkomponenten<\/b><span style=\"font-weight: 400;\">, zu erf\u00fcllen sowie ein umfassendes Sortiment an\u00a0<\/span><b>Kugellagern<\/b><span style=\"font-weight: 400;\">\u00a0gem\u00e4\u00df den Kundenspezifikationen herzustellen.<\/span><span style=\"font-weight: 400;\"><br \/>\n<\/span><span style=\"font-weight: 400;\"><br \/>\n<\/span><span style=\"font-weight: 400;\">Die Betriebsabteilung ist mit\u00a0<\/span><b>Mehrspindel-Drehautomaten<\/b><span style=\"font-weight: 400;\">\u00a0ausgestattet, die mechanisch und CNC-gesteuert die Bearbeitung von Sonderteilen mit Durchmessern und Sechskantma\u00dfen von drei bis 70 Millimetern erm\u00f6glichen, die durch den Einsatz von\u00a0<\/span><b>Schleifmaschinen f\u00fcr den Au\u00dfen-<\/b><span style=\"font-weight: 400;\">\u00a0und <\/span><b>Innenbereich<\/b><span style=\"font-weight: 400;\">,\u00a0<\/span><b>Fr\u00e4smaschinen<\/b><span style=\"font-weight: 400;\">\u00a0und\u00a0<\/span><b>Fertigungsanlagen<\/b><span style=\"font-weight: 400;\"> weiter bearbeitet und fertiggestellt werden k\u00f6nnen. Eine\u00a0<\/span><b>Wasch-<\/b><span style=\"font-weight: 400;\">\u00a0und\u00a0<\/span><b>Oberfl\u00e4chen-Endbearbeitungsabteilung<\/b><span style=\"font-weight: 400;\">\u00a0erf\u00fcllt die neuen Anforderungen gem\u00e4\u00df den komplexesten Spezifikationen der\u00a0<\/span><b>Partikelgr\u00f6\u00dfenreinigung<\/b><span style=\"font-weight: 400;\">, um dem Kunden Endprodukte zu liefern, die den h\u00f6chsten Anforderungen entsprechen.<\/span>[\/vc_column_text][vc_separator type=&#8220;transparent&#8220; thickness=&#8220;0&#8243; up=&#8220;15&#8243; down=&#8220;0&#8243;][\/vc_column][vc_column offset=&#8220;vc_col-lg-6 vc_col-md-6&#8243;][vc_gallery type=&#8220;flexslider_slide&#8220; interval=&#8220;0&#8243; images=&#8220;1392,1374,1619,1380,1377,1383,1386,1389&#8243; img_size=&#8220;full&#8220;][vc_separator type=&#8220;transparent&#8220; thickness=&#8220;0&#8243; up=&#8220;54&#8243; down=&#8220;0&#8243;][\/vc_column][\/vc_row][vc_row css_animation=&#8220;&#8220; row_type=&#8220;row&#8220; use_row_as_full_screen_section=&#8220;no&#8220; type=&#8220;full_width&#8220; angled_section=&#8220;no&#8220; text_align=&#8220;left&#8220; background_image_as_pattern=&#8220;without_pattern&#8220;][vc_column][vc_column_text][\/vc_column_text][\/vc_column][\/vc_row][vc_row css_animation=&#8220;&#8220; row_type=&#8220;row&#8220; use_row_as_full_screen_section=&#8220;no&#8220; type=&#8220;grid&#8220; angled_section=&#8220;no&#8220; text_align=&#8220;left&#8220; background_image_as_pattern=&#8220;without_pattern&#8220; z_index=&#8220;&#8220; css=&#8220;.vc_custom_1531775207728{padding-top: 50px !important;padding-bottom: 70px !important;}&#8220;][vc_column][vc_row_inner row_type=&#8220;row&#8220; type=&#8220;full_width&#8220; text_align=&#8220;center&#8220; css_animation=&#8220;&#8220; css=&#8220;.vc_custom_1531775198615{margin-bottom: 50px !important;}&#8220;][vc_column_inner width=&#8220;1\/3&#8243;][vc_single_image image=&#8220;1052&#8243; img_size=&#8220;full&#8220; alignment=&#8220;center&#8220; onclick=&#8220;custom_link&#8220; qode_css_animation=&#8220;&#8220; qode_hover_animation=&#8220;zoom_in&#8220; link=&#8220;\/de\/macchinari-minuterie\/&#8220;][vc_column_text css=&#8220;.vc_custom_1545146136375{margin-top: 20px !important;margin-bottom: 20px !important;}&#8220;]<\/p>\n<div style=\"text-align: center; font-weight: 800; font-size: 22px; color: #000;\">Maschinenpark<\/div>\n<p>[\/vc_column_text]<a  itemprop=\"url\" href=\"\/de\/macchinari-minuterie\/\" target=\"_self\"  class=\"qbutton  medium default\" style=\"\">Weiterlesen<\/a>[vc_empty_space height=&#8220;15px&#8220;][\/vc_column_inner][vc_column_inner width=&#8220;1\/3&#8243;][vc_single_image image=&#8220;1042&#8243; img_size=&#8220;full&#8220; alignment=&#8220;center&#8220; onclick=&#8220;custom_link&#8220; qode_css_animation=&#8220;&#8220; qode_hover_animation=&#8220;zoom_in&#8220; link=&#8220;\/de\/qualita-minuteria\/&#8220;][vc_column_text css=&#8220;.vc_custom_1545146146636{margin-top: 20px !important;margin-bottom: 20px !important;}&#8220;]<\/p>\n<div style=\"text-align: center; font-weight: 800; font-size: 22px; color: #000;\">Qualit\u00e4t<\/div>\n<p>[\/vc_column_text]<a  itemprop=\"url\" href=\"\/de\/qualita-minuteria\/\" target=\"_self\"  class=\"qbutton  medium default\" style=\"\">Weiterlesen<\/a>[vc_empty_space height=&#8220;15px&#8220;][\/vc_column_inner][vc_column_inner width=&#8220;1\/3&#8243;][vc_single_image image=&#8220;1170&#8243; img_size=&#8220;600&#215;300&#8243; alignment=&#8220;center&#8220; onclick=&#8220;custom_link&#8220; qode_css_animation=&#8220;&#8220; qode_hover_animation=&#8220;zoom_in&#8220; link=&#8220;\/de\/certificazioni-dante-villa\/&#8220;][vc_column_text css=&#8220;.vc_custom_1545146157150{margin-top: 20px !important;margin-bottom: 20px !important;}&#8220;]<\/p>\n<div style=\"text-align: center; font-weight: 800; font-size: 22px; color: #000;\">Zertifizierungen<\/div>\n<p>[\/vc_column_text]<a  itemprop=\"url\" href=\"\/de\/certificazioni-dante-villa\/\" target=\"_self\"  class=\"qbutton  medium default\" style=\"\">Weiterlesen<\/a>[vc_empty_space height=&#8220;15px&#8220;][\/vc_column_inner][\/vc_row_inner][\/vc_column][\/vc_row][vc_row css_animation=&#8220;&#8220; row_type=&#8220;row&#8220; use_row_as_full_screen_section=&#8220;no&#8220; type=&#8220;full_width&#8220; angled_section=&#8220;no&#8220; text_align=&#8220;center&#8220; background_image_as_pattern=&#8220;without_pattern&#8220;][vc_column]<div class=\"call_to_action simple\" style=\"background-color: #2b2c2e;padding-top: 40px;padding-bottom: 40px;\"><div class=\"container_inner\"><div class=\"text_wrapper column1\"><div class=\"call_to_action_text  font_size_inherit font_weight_inherit letter_spacing_inherit\" style=\"font-size:16px;font-weight: 600;letter-spacing: -1px;\">\n<p style=\"text-align: center;\"><span style=\"color: #ffffff;\">Kontaktieren Sie uns, um Informationen oder ein Angebot zu erhalten.<\/span><\/p>\n<\/div><a itemprop=\"url\" href=\"\/de\/contatti\/\" class=\"qbutton white medium\" target=\"_self\" style=\"\"data-hover-background-color=#ffffff data-hover-color=#303030>KONTAKT<\/a><\/div><\/div><\/div>[\/vc_column][\/vc_row]<\/p>\n<\/div>","protected":false},"excerpt":{"rendered":"<p>[vc_row css_animation=&#8220;&#8220; row_type=&#8220;row&#8220; use_row_as_full_screen_section=&#8220;no&#8220; type=&#8220;full_width&#8220; angled_section=&#8220;no&#8220; text_align=&#8220;left&#8220; background_image_as_pattern=&#8220;without_pattern&#8220;][vc_column][vc_column_text][\/vc_column_text][\/vc_column][\/vc_row][vc_row css_animation=&#8220;&#8220; row_type=&#8220;row&#8220; use_row_as_full_screen_section=&#8220;no&#8220; type=&#8220;full_width&#8220; angled_section=&#8220;no&#8220; text_align=&#8220;left&#8220; background_image_as_pattern=&#8220;without_pattern&#8220; css=&#8220;.vc_custom_1541622569547{margin-bottom: 0px !important;padding-top: 50px !important;padding-bottom: 0px !important;background-color: #f9f9f9 !important;}&#8220; z_index=&#8220;&#8220;][vc_column][vc_column_text] Geschichte [\/vc_column_text][vc_separator type=&#8220;small&#8220; position=&#8220;center&#8220; down=&#8220;15&#8243;][vc_column_text] Seit 1937 im Bereich der Dreherei t\u00e4tig [\/vc_column_text][\/vc_column][\/vc_row][vc_row css_animation=&#8220;&#8220; row_type=&#8220;row&#8220; use_row_as_full_screen_section=&#8220;no&#8220; type=&#8220;grid&#8220; angled_section=&#8220;no&#8220; text_align=&#8220;left&#8220; background_image_as_pattern=&#8220;without_pattern&#8220;&#8230;<\/p>\n","protected":false},"author":1,"featured_media":0,"parent":0,"menu_order":0,"comment_status":"closed","ping_status":"closed","template":"full_width.php","meta":[],"_links":{"self":[{"href":"https:\/\/www.dantevilla.com\/de\/wp-json\/wp\/v2\/pages\/1211"}],"collection":[{"href":"https:\/\/www.dantevilla.com\/de\/wp-json\/wp\/v2\/pages"}],"about":[{"href":"https:\/\/www.dantevilla.com\/de\/wp-json\/wp\/v2\/types\/page"}],"author":[{"embeddable":true,"href":"https:\/\/www.dantevilla.com\/de\/wp-json\/wp\/v2\/users\/1"}],"replies":[{"embeddable":true,"href":"https:\/\/www.dantevilla.com\/de\/wp-json\/wp\/v2\/comments?post=1211"}],"version-history":[{"count":10,"href":"https:\/\/www.dantevilla.com\/de\/wp-json\/wp\/v2\/pages\/1211\/revisions"}],"predecessor-version":[{"id":1622,"href":"https:\/\/www.dantevilla.com\/de\/wp-json\/wp\/v2\/pages\/1211\/revisions\/1622"}],"wp:attachment":[{"href":"https:\/\/www.dantevilla.com\/de\/wp-json\/wp\/v2\/media?parent=1211"}],"curies":[{"name":"wp","href":"https:\/\/api.w.org\/{rel}","templated":true}]}}