{"id":1205,"date":"2018-07-17T14:09:38","date_gmt":"2018-07-17T12:09:38","guid":{"rendered":"https:\/\/www.dantevilla.com\/cookies\/"},"modified":"2018-12-20T11:57:43","modified_gmt":"2018-12-20T10:57:43","slug":"cookies","status":"publish","type":"page","link":"https:\/\/www.dantevilla.com\/de\/cookies\/","title":{"rendered":"Cookie Policy"},"content":{"rendered":"<div class=\"wpb-content-wrapper\"><p>[vc_row css_animation=&#8220;&#8220; row_type=&#8220;row&#8220; use_row_as_full_screen_section=&#8220;no&#8220; type=&#8220;grid&#8220; angled_section=&#8220;no&#8220; text_align=&#8220;left&#8220; background_image_as_pattern=&#8220;without_pattern&#8220; z_index=&#8220;&#8220; css=&#8220;.vc_custom_1539805703611{margin-top: 50px !important;margin-bottom: 50px !important;}&#8220;][vc_column][vc_column_text]<b>Cookies<\/b><\/p>\n<p><span style=\"font-weight: 400;\">Cookies sind kleine Textdateien, die die von den Nutzern besuchten Websites an ihre Terminals senden, wo sie gespeichert und beim n\u00e4chsten Besuch an dieselben Websites zur\u00fcckgesendet werden.<\/span><\/p>\n<p><span style=\"font-weight: 400;\">Cookies k\u00f6nnen\u00a0<\/span><b>technisch<\/b><span style=\"font-weight: 400;\">,\u00a0<\/span><b>analytisch<\/b><span style=\"font-weight: 400;\">\u00a0und\u00a0<\/span><b>profilgebend<\/b><span style=\"font-weight: 400;\"> sein.<\/span><\/p>\n<p><span style=\"font-weight: 400;\">\u00a0<\/span><\/p>\n<p><b>Technische Cookies<\/b><span style=\"font-weight: 400;\">\u00a0werden verwendet, um das Surfen zu vereinfachen oder eine vom Nutzer gew\u00fcnschte Dienstleistung zu erbringen. Sie werden nicht f\u00fcr weitere Zwecke verwendet und in der Regel direkt vom Betreiber der Website installiert. Sie k\u00f6nnen nur nach vorherigem Informationsschreiben verwendet werden. Es ist nicht erforderlich, die vorherige Zustimmung des Betroffenen einzuholen (der in jedem Fall der Verwendung von Cookies auf die nachstehend beschriebene Weise widersprechen kann) oder den Datenschutzbeauftragten im Voraus dar\u00fcber zu benachrichtigen.<\/span><\/p>\n<p><span style=\"font-weight: 400;\">\u00a0<\/span><\/p>\n<p><b>Analytische Cookies<\/b><span style=\"font-weight: 400;\">\u00a0sind keine \u201etechnischen\u201c Cookies, k\u00f6nnen aber nur dann mit technischen Cookies verarbeitet werden, wenn sie zur Optimierung der Website direkt vom Betreiber der Website verwendet werden, der Informationen in zusammengefasster Form \u00fcber die Anzahl der Nutzer und die Art und Weise, wie diese die Website nutzen, sammeln kann. In vielen F\u00e4llen verwenden Websites analytische Cookies, die von Dritten (z. B. Google) erstellt und zur Verf\u00fcgung gestellt werden, nur f\u00fcr statistische Zwecke. In diesen F\u00e4llen ist der Datenschutzbeauftragte der Ansicht, dass die oben genannten Websites nicht den gesetzlichen Verpflichtungen und Erfordernissen unterliegen (Benachrichtigung des Datenschutzbeauftragten im Voraus), sofern geeignete Instrumente eingesetzt werden, um die Identifizierungsm\u00f6glichkeit der von ihm verwendeten analytischen Cookies zu verringern (z. B. durch Verschleierung wesentlicher Teile der IP-Adresse). Unter diesen Bedingungen gelten f\u00fcr die analytischen Cookies dieselben Regeln in Bezug auf Informationen und vorherige Zustimmung des Betroffenen, die auch bei technischen Cookies vorgesehen sind.<\/span><\/p>\n<p><span style=\"font-weight: 400;\">\u00a0<\/span><\/p>\n<p><b>Profilgebende Cookies<\/b><span style=\"font-weight: 400;\">\u00a0sind Cookies, die verwendet werden, um das Surfen des Benutzers im Internet nachzuverfolgen und Profile \u00fcber seinen Geschmack, seine Gewohnheiten, seine Entscheidungen usw. zu erstellen. Diese Cookies k\u00f6nnen entsprechend den vom Nutzer bereits beim Surfen im Internet angegebenen Pr\u00e4ferenzen hinsichtlich Werbemitteilungen \u00fcbermittelt werden. In diesem Fall muss der Betreiber der Website ein vom Datenschutzbeauftragten vorgeschlagenes Banner gem\u00e4\u00df dem Bescheid vom 08.05.2014 einf\u00fchren, dem Betroffenen Informationen zur Verf\u00fcgung stellen, die vorherige Zustimmung des Betroffenen einholen und die Verarbeitung dem Datenschutzbeauftragten mitteilen.<\/span><\/p>\n<p><span style=\"font-weight: 400;\">\u00a0<\/span><\/p>\n<p><b>Vom Betreiber verwendete Cookies<\/b><\/p>\n<p><span style=\"font-weight: 400;\">Der Betreiber verwendet nur die genannten technischen und analytischen Cookies f\u00fcr die unter Punkt 1 genannten Zwecke. Hinsichtlich der Letztgenannten werden geeignete Instrumente eingesetzt, um die Identifikationsm\u00f6glichkeiten der von ihnen verwendeten analytischen Cookies zu verringern (durch Verschleierung wesentlicher Teile der IP-Adresse).<\/span><\/p>\n<p><span style=\"font-weight: 400;\">\u00a0<\/span><\/p>\n<p><b>Verwendung von technischen Cookies<\/b><\/p>\n<p><span style=\"font-weight: 400;\">Die Website des Betreibers verwendet die folgenden technischen Cookies, die im Folgenden angegeben sind:<\/span><\/p>\n<p><b>_gid<\/b><span style=\"font-weight: 400;\">\u00a0\u2013 Von Google Analytics anonymisiertes Cookie \u2013 Surf-Cookie (1 Tag) \u2013 Sitzungsidentifikations-Cookie<\/span><span style=\"font-weight: 400;\"><br \/>\n<\/span><b>_ga<\/b><span style=\"font-weight: 400;\">\u00a0\u2013 Von Google Analytics anonymisiertes Cookie \u2013 Dauerhaft (2 Jahre) \u2013 Zur Z\u00e4hlung der Besuche auf der Website verwendetes Cookie<\/span><span style=\"font-weight: 400;\"><br \/>\n<\/span><b>_gat<\/b><span style=\"font-weight: 400;\">\u00a0\u2013 Von Google Analytics anonymisiertes Cookie \u2013 Sitzungs-Cookie (10 Minuten) \u2013 Zur Beschleunigung von Zugriffsanfragen verwendetes Cookie<\/span><span style=\"font-weight: 400;\"><br \/>\n<\/span><b>PHPSESSID<\/b><span style=\"font-weight: 400;\">\u00a0\u2013 Sitzungs-Cookie<\/span><\/p>\n<p><span style=\"font-weight: 400;\">\u00a0<\/span><\/p>\n<p><b>Verwendung von Sicherheits- und Analyse-Cookies Dritter<\/b><\/p>\n<p><span style=\"font-weight: 400;\">Die Website des Betreibers greift auf den Service von Google Analytics zur\u00fcck, der technische und analytische Cookies verwendet, die f\u00fcr die Funktionst\u00fcchtigkeit erforderlich sind, n\u00e4mlich die folgenden Cookies, die \u00fcber diesen Link aufgerufen werden\u00a0k\u00f6nnen: <\/span><a href=\"http:\/\/www.google.com\/intl\/en\/analytics\/privacyoverview.html\"><span style=\"font-weight: 400;\">http:\/\/www.google.com\/intl\/en\/analytics<\/span><\/a><span style=\"font-weight: 400;\">.<\/span><span style=\"font-weight: 400;\"><br \/>\n<\/span><span style=\"font-weight: 400;\">Es werden auch das Sicherheitssystem und die Firewall Wordfence verwendet, um die Sicherheit der Website zu erh\u00f6hen. Diese sind mit technischen Cookies\u00a0vergleichbar: <\/span><a href=\"https:\/\/www.wordfence.com\/terms-of-use-and-privacy-policy\/\"><span style=\"font-weight: 400;\">https:\/\/www.wordfence.com\/terms-of-use-and-privacy-policy\/<\/span><\/a><span style=\"font-weight: 400;\">.<\/span><\/p>\n<p><span style=\"font-weight: 400;\">\u00a0<\/span><\/p>\n<p><b>Zweck<\/b><\/p>\n<p><span style=\"font-weight: 400;\">Die oben genannten Cookies werden verwendet, um ein effizientes Surfen auf der Website zu erm\u00f6glichen und die Browsersitzung zu ermitteln. Dar\u00fcber hinaus werden die durch die Cookies erzeugten Daten vom Betreiber als Hilfsmittel zur Analyse und internen \u00dcberwachung des von den Betroffenen erzeugten Datenverkehrs (insbesondere Zugriffe und betrachtete Seiten) sowie zur Verbesserung der Funktionst\u00fcchtigkeit und des Surfens verwendet.<\/span><\/p>\n<p><span style=\"font-weight: 400;\">\u00a0<\/span><\/p>\n<p><b>Verantwortung f\u00fcr die Verwendung von Sicherheits- und Analyse-Cookies Dritter<\/b><\/p>\n<p><span style=\"font-weight: 400;\">Der Betreiber ist nicht f\u00fcr die Verarbeitung von Daten verantwortlich, die von Dritten durch deren Cookies und von Google durch analytische Cookies durchgef\u00fchrt werden. Er beschr\u00e4nkt sich auf die Zusicherungen, die von diesen abgegeben werden, die die Datenschutzbestimmungen der \u201eSafe Harbor Principles\u201c einhalten und am \u201eSafe Harbor\u201c-Programm des US-Handelsministeriums teilnehmen, indem die Daten ausschlie\u00dflich f\u00fcr die Bereitstellung des Dienstes verwendet, separat gespeichert und nicht mit anderen Informationen erg\u00e4nzt\/\u00fcbertragen werden. Die durch die Cookies erzeugten Informationen hinsichtlich der Nutzung dieser Website seitens des Betroffenen (einschlie\u00dflich der IP-Adresse) werden an einen Server von Google \u00fcbertragen und dort gespeichert. Um die Datenschutzerkl\u00e4rung des Unternehmens Google in Bezug auf den Service Google Analytics einzusehen, empfehlen wir, die Website\u00a0<\/span><a href=\"http:\/\/www.google.com\/analytics\/learn\/privacy.html\"><span style=\"font-weight: 400;\">http:\/\/www.google.com\/analytics\/learn\/privacy.html<\/span><\/a><span style=\"font-weight: 400;\"> zu besuchen. Um mehr \u00fcber die Datenschutzrichtlinien von Google zu erfahren, besuchen Sie bitte die Website\u00a0<\/span><a href=\"http:\/\/www.google.com\/intl\/it\/policies\/privacy\/\"><span style=\"font-weight: 400;\">http:\/\/www.google.com\/intl\/it\/policies\/privacy\/<\/span><\/a><span style=\"font-weight: 400;\">. Unbeschadet der Verpflichtungen, die sich aus dem nationalen Recht f\u00fcr den Betreiber ergeben, ist Google als unabh\u00e4ngiger Datenverantwortlicher allein und ausschlie\u00dflich (zivil- und strafrechtlich) f\u00fcr die Verarbeitung der Daten durch das oben genannte System verantwortlich.<\/span><\/p>\n<p><span style=\"font-weight: 400;\">\u00a0<\/span><\/p>\n<p><b>Deaktivierung von Cookies<\/b><\/p>\n<p><span style=\"font-weight: 400;\">Der Betroffene kann Cookies deaktivieren und muss zu diesem Zweck<\/span><\/p>\n<p><span style=\"font-weight: 400;\">&#8211; in Bezug auf Cookies von Google Analytics, wie auf der Website von Google unter dem Link\u00a0<\/span><a href=\"https:\/\/support.google.com\/analytics\/answer\/181881?hl=it\"><span style=\"font-weight: 400;\">https:\/\/support.google.com\/analytics\/answer\/181881?hl=it<\/span><\/a><span style=\"font-weight: 400;\"> angegeben, mit der \u00c4nderung des Browsers fortfahren, indem das Add-on herunterladen wird, um das JavaScript von Google Analytics (ga.js, analytics.js, dc.js) zu deaktivieren, das unter dem Link <\/span><a href=\"https:\/\/tools.google.com\/dlpage\/gaoptout?hl=it\"><span style=\"font-weight: 400;\">https:\/\/tools.google.com\/dlpage\/gaoptout?hl=it<\/span><\/a><span style=\"font-weight: 400;\"> verf\u00fcgbar ist,\u00a0sowie mit der Deaktivierung gem\u00e4\u00df den Anweisungen von Google fortfahren;<\/span><\/p>\n<p><span style=\"font-weight: 400;\">&#8211; in Bezug auf die technischen Cookies des Betreibers direkt aus den Einstellungen des Browsers oder \u00fcber das Portal\u00a0<\/span><a href=\"http:\/\/www.youronlinechoices.com\/it\/le-tue-scelte\"><span style=\"font-weight: 400;\">http:\/\/www.youronlinechoices.com\/it\/le-tue-scelte<\/span><\/a><span style=\"font-weight: 400;\"> zugreifen.<\/span><\/p>\n<p><span style=\"font-weight: 400;\">Weitere Informationen dar\u00fcber, wie Sie Ihre Einstellungen f\u00fcr die Verwendung von Cookies \u00fcber Ihren Browser vornehmen k\u00f6nnen, finden Sie in den entsprechenden Anweisungen:<\/span><\/p>\n<p><span style=\"font-weight: 400;\">Internet Explorer:\u00a0<\/span><a href=\"http:\/\/windows.microsoft.com\/en-us\/windows-vista\/block-or-allow-cookies\"><span style=\"font-weight: 400;\">http:\/\/windows.microsoft.com\/en\u2013us\/windows\u2013vista\/block\u2013or\u2013allow\u2013cookies<\/span><\/a><\/p>\n<p><span style=\"font-weight: 400;\">Google Chrome:\u00a0<\/span><a href=\"https:\/\/support.google.com\/accounts\/answer\/61416?hl=it\"><span style=\"font-weight: 400;\">https:\/\/support.google.com\/accounts\/answer\/61416?hl=it<\/span><\/a><\/p>\n<p><span style=\"font-weight: 400;\">Mozilla Firefox:\u00a0<\/span><a href=\"http:\/\/support.mozilla.org\/en-US\/kb\/Enabling%20and%20disabling%20cookies\"><span style=\"font-weight: 400;\">http:\/\/support.mozilla.org\/en\u2013US\/kb\/Enabling%20and%20disabling%20cookies<\/span><\/a><\/p>\n<p><span style=\"font-weight: 400;\">Safari:\u00a0<\/span><a href=\"http:\/\/www.apple.com\/legal\/privacy\/\"><span style=\"font-weight: 400;\">http:\/\/www.apple.com\/legal\/privacy\/<\/span><\/a><\/p>\n<p><span style=\"font-weight: 400;\">\u00a0<\/span><\/p>\n<p><span style=\"font-weight: 400;\">Websites Dritter, auf die \u00fcber diese Website zugegriffen werden kann, fallen nicht unter diese Erkl\u00e4rung. Dante Villa S.r.l. lehnt jegliche Verantwortung in dieser Hinsicht ab. Die Kategorien der verwendeten Cookies und die Art der Verarbeitung personenbezogener Daten durch diese Unternehmen werden in \u00dcbereinstimmung mit den von diesen Unternehmen bereitgestellten Erkl\u00e4rungen geregelt.<\/span><\/p>\n<p><span style=\"font-weight: 400;\">In Anbetracht des Entwicklungsstands der geltenden Rechtsvorschriften ist darauf hinzuweisen, dass dieses Dokument, das unter der Adresse <\/span><a href=\"https:\/\/www.dantevilla.com\/cookies\/\"><span style=\"font-weight: 400;\">https:\/\/www.dantevilla.com\/cookies\/<\/span><\/a><span style=\"font-weight: 400;\">ver\u00f6ffentlicht wurde, die erweiterte Cookie-Richtlinie dieser Website darstellt und Aktualisierungen unterliegt.<\/span><\/p>\n<p><span style=\"font-weight: 400;\">Die Website von Dante Villa S.r.l. funktioniert optimal, wenn Cookies aktiviert sind.<\/span>[\/vc_column_text][\/vc_column][\/vc_row]<\/p>\n<\/div>","protected":false},"excerpt":{"rendered":"<p>[vc_row css_animation=&#8220;&#8220; row_type=&#8220;row&#8220; use_row_as_full_screen_section=&#8220;no&#8220; type=&#8220;grid&#8220; angled_section=&#8220;no&#8220; text_align=&#8220;left&#8220; background_image_as_pattern=&#8220;without_pattern&#8220; z_index=&#8220;&#8220; css=&#8220;.vc_custom_1539805703611{margin-top: 50px !important;margin-bottom: 50px !important;}&#8220;][vc_column][vc_column_text]Cookies Cookies sind kleine Textdateien, die die von den Nutzern besuchten Websites an ihre Terminals senden, wo sie gespeichert und beim n\u00e4chsten Besuch an dieselben Websites zur\u00fcckgesendet werden. Cookies k\u00f6nnen\u00a0technisch,\u00a0analytisch\u00a0und\u00a0profilgebend sein. \u00a0&#8230;<\/p>\n","protected":false},"author":1,"featured_media":0,"parent":0,"menu_order":0,"comment_status":"closed","ping_status":"closed","template":"full_width.php","meta":[],"_links":{"self":[{"href":"https:\/\/www.dantevilla.com\/de\/wp-json\/wp\/v2\/pages\/1205"}],"collection":[{"href":"https:\/\/www.dantevilla.com\/de\/wp-json\/wp\/v2\/pages"}],"about":[{"href":"https:\/\/www.dantevilla.com\/de\/wp-json\/wp\/v2\/types\/page"}],"author":[{"embeddable":true,"href":"https:\/\/www.dantevilla.com\/de\/wp-json\/wp\/v2\/users\/1"}],"replies":[{"embeddable":true,"href":"https:\/\/www.dantevilla.com\/de\/wp-json\/wp\/v2\/comments?post=1205"}],"version-history":[{"count":2,"href":"https:\/\/www.dantevilla.com\/de\/wp-json\/wp\/v2\/pages\/1205\/revisions"}],"predecessor-version":[{"id":1369,"href":"https:\/\/www.dantevilla.com\/de\/wp-json\/wp\/v2\/pages\/1205\/revisions\/1369"}],"wp:attachment":[{"href":"https:\/\/www.dantevilla.com\/de\/wp-json\/wp\/v2\/media?parent=1205"}],"curies":[{"name":"wp","href":"https:\/\/api.w.org\/{rel}","templated":true}]}}